{"id":3184,"date":"2019-01-02T14:20:42","date_gmt":"2019-01-02T14:20:42","guid":{"rendered":"https:\/\/immagineria.net\/2019\/?page_id=3184"},"modified":"2019-01-02T14:20:42","modified_gmt":"2019-01-02T14:20:42","slug":"informativa-sulla-tutela-dei-dati-personali","status":"publish","type":"page","link":"https:\/\/immagineria.net\/en\/informativa-sulla-tutela-dei-dati-personali\/","title":{"rendered":"Informativa sulla tutela dei dati personali"},"content":{"rendered":"<h4>CHI SIAMO<\/h4>\n<p>La societ\u00e0 immagineria srl. (di seguito la<strong>&nbsp;\u201cSociet\u00e0\u201d<\/strong>), con sede in via dell&#8217;angeletto 12, Roma, nello svolgimento della propria attivit\u00e0 pone la massima attenzione alla sicurezza e alla riservatezza dei dati personali dei propri clienti.<\/p>\n<p>La Societ\u00e0 \u00e8 Titolare del trattamento dei dati personali raccolti sul presente sito web.<\/p>\n<p>&nbsp;<\/p>\n<h4>QUALI DATI PERSONALI CHE LA RIGUARDANO POSSONO ESSERE RACCOLTI<\/h4>\n<p>Possono essere raccolte le seguenti categorie di dati personali che La riguardano:<\/p>\n<ul>\n<li><strong>&#8211; &nbsp;Dati di contatto<\/strong>&nbsp;\u2013 informazioni relative al nome, luogo e data di nascita, codice fiscale, indirizzo, numero di telefono, numero di cellulare, indirizzo email.<\/li>\n<li><strong>&#8211; &nbsp;Interessi<\/strong>&nbsp;\u2013 informazioni che Lei ci fornisce in merito ai Suoi interessi, compresi i prodotti a cui \u00e8 interessato.<\/li>\n<li><strong>&#8211; &nbsp;Altri dati personali \u2013&nbsp;<\/strong>informazioni che Lei ci fornisce in merito alla Sua data di nascita, educazione o situazione professionale.<\/li>\n<li><strong>&#8211; &nbsp;Utilizzo del sito<\/strong>&nbsp;<strong>web&nbsp;<\/strong>\u2013 informazioni relative alle modalit\u00e0 con cui utilizza il sito, apre o inoltra le nostre comunicazioni, incluse le informazioni raccolte tramite cookie (pu\u00f2 trovare la nostra Informativa sui Cookie&nbsp;<a href=\"\/\/immagineria.net\/en\/cookie-info\/\">qui<\/a>&nbsp;che ne regola i dettagli).<\/li>\n<\/ul>\n<p><strong>&nbsp;<\/strong><\/p>\n<h4>COME RACCOGLIAMO I SUOI DATI PERSONALI<\/h4>\n<p>La Societ\u00e0 raccoglie e tratta i Suoi dati personali nelle seguenti circostanze:<\/p>\n<ul>\n<li>&#8211; &nbsp;se risponde alle nostre campagne di marketing, ad esempio compilando una scheda di risposta, o inserendo dati in uno dei nostri siti internet<strong><em>;<\/em><\/strong><\/li>\n<\/ul>\n<p>Se Lei fornisce dati personali per conto di qualcun altro deve assicurarsi, preventivamente, che gli interessati abbiamo preso visione della presente Informativa Privacy.<\/p>\n<p>La preghiamo di aiutarci a mantenere aggiornati i Suoi dati personali, informandoci di qualsiasi modifica.<\/p>\n<p>&nbsp;<\/p>\n<h4>PER QUALI FINALIT\u00c0 POSSONO ESSERE UTILIZZATI I SUOI DATI PERSONALI<\/h4>\n<p><strong>a) Instaurazione ed esecuzione dei rapporti contrattuali e obblighi conseguenti, ivi inclusa la comunicazione relativa ai servizi<\/strong><\/p>\n<p>La Societ\u00e0 pu\u00f2 trattare i Suoi Dati di contatto ai fini dell\u2019eventuale instaurazione ed esecuzione dei rapporti contrattuali, dell\u2019erogazione dei servizi richiesti e del riscontro a segnalazioni e reclami.<\/p>\n<p>La Societ\u00e0 potr\u00e0 inoltre utilizzare i Suoi dati di contatto, ed in particolare la Sua email, per fornirLe informazioni relative a quando da lei richiesto compilando un nostro form.<\/p>\n<p><u>Presupposto per il trattamento<\/u>: adempimento degli obblighi contrattuali.<\/p>\n<p>Il conferimento dei dati \u00e8 obbligatorio per gestire il rapporto contrattuale; in difetto non potremo darvi corso.<\/p>\n<p><strong>b) Gestione operativa e finalit\u00e0 a questa strettamente connesse per l\u2019accesso al sito web, in particolare alle aree riservate dello stesso.<\/strong><\/p>\n<p>La Societ\u00e0 raccoglie i Suoi Dati di contatto e i dati di Utilizzo del sito web per consentirLe di poter migliore i nostri servizi e permetterle una migliore navigazione attraverso il sito web.<\/p>\n<p><u>Presupposto per il trattamento<\/u>: adempimento degli obblighi contrattuali.<\/p>\n<p>Il conferimento dei dati \u00e8 obbligatorio per rispondere alle sue richieste; in difetto non potremo darvi corso.<\/p>\n<p><strong>c) Marketing per rispondere alle sue esigenze e per fornirle offerte promozionali anche in linea con le sue preferenze<\/strong><\/p>\n<p>La Societ\u00e0 potrebbe, altres\u00ec, trattare i Dati di contatto, i Suoi Interessi e gli Altri dati personali che vorr\u00e0 conferirci, per inviarLe comunicazioni commerciali in linea con le Sue richieste, sulla base di uno specifico profilo cliente, ove Lei ci rilasci ulteriore apposito consenso<\/p>\n<p><u>Presupposto per il trattamento<\/u>: il consenso<\/p>\n<p>Il mancato conferimento dello stesso non comporta conseguenze sui rapporti contrattuali.<\/p>\n<p>Il consenso pu\u00f2 essere revocato in ogni momento<\/p>\n<p><strong>d) Conformit\u00e0 alle richieste giuridicamente vincolanti per adempiere un obbligo legale, regolamenti o provvedimenti dell\u2019autorit\u00e0 giudiziaria, nonch\u00e9 per difendere un diritto in sede giudiziaria<\/strong><\/p>\n<p>La Societ\u00e0 raccoglie i Suoi Dati di contatto per adempiere un obbligo legale e\/o per difendere un proprio diritto in sede giudiziaria<\/p>\n<p>Presupposto per il trattamento: obblighi di legge, cui la Societ\u00e0 \u00e8 obbligata a ottemperare.<\/p>\n<p><strong>&nbsp;<\/strong><\/p>\n<h4>COME MANTENIAMO SICURI I SUOI DATI PERSONALI<\/h4>\n<p>La Societ\u00e0 utilizza tutte le misure di sicurezza necessarie al miglioramento della protezione e la manutenzione della sicurezza, dell\u2019integrit\u00e0 e dell\u2019accessibilit\u00e0 dei Suoi dati personali.<\/p>\n<p>Tutti i Suoi dati personali sono conservati sui nostri server protetti (o copie cartacee idoneamente archiviate) o su quelli dei nostri fornitori o dei nostri partner commerciali, e sono accessibili ed utilizzabili in base ai nostri standard e alle nostre policy di sicurezza (o standard equivalenti per i nostri fornitori o partner commerciali).<\/p>\n<p>Laddove Le abbiamo fornito (o Lei abbia scelto) una password che Le consenta l\u2019accesso al nostro sito web, applicazioni o servizi da noi forniti, Lei sar\u00e0 responsabile per la segretezza di tale password e per la conformit\u00e0 ad ogni altra procedura di sicurezza di cui le dessimo notizia.<\/p>\n<p><strong>&nbsp;<\/strong><\/p>\n<h4>PER QUANTO TEMPO CONSERVIAMO LE SUE INFORMAZIONI<\/h4>\n<p>Conserviamo i Suoi dati personali solo per il tempo necessario al conseguimento delle finalit\u00e0 per le quali sono stati raccolti o per qualsiasi altra legittima finalit\u00e0 collegata. Pertanto se i dati personali sono trattati per due differenti finalit\u00e0, conserveremo tali dati fino a che non cesser\u00e0 la finalit\u00e0 con il termine pi\u00f9 lungo, tuttavia non tratteremo pi\u00f9 i dati personali per quella finalit\u00e0 il cui periodo di conservazione sia venuto meno.<\/p>\n<p>Limitiamo l\u2019accesso ai Suoi dati personali solamente a coloro che necessitano di utilizzarli per finalit\u00e0 rilevanti.<\/p>\n<p>I Suoi dati personali che non siano pi\u00f9 necessari, o per i quali non vi sia pi\u00f9 un presupposto giuridico per la relativa conservazione, vengono anonimizzati irreversibilmente (e in tal modo possono essere conservati) o distrutti in modo sicuro<\/p>\n<p>Qui di seguito riportiamo i tempi di conservazione in relazione alle differenti finalit\u00e0 sopra elencate:<\/p>\n<ol>\n<li><u>Adempimento degli obblighi contrattuali<\/u>: i dati trattati per adempiere qualsiasi obbligazione contrattuale potranno essere conservati per tutta la durata del contratto e comunque non oltre i successivi 10 anni, al fine di verificare eventuali pendenze ivi compresi i documenti contabili (ad esempio fatture).<\/li>\n<li><u>Gestione operativa e finalit\u00e0 a questa strettamente connesse per l\u2019accesso al sito web<\/u>: i dati trattati per questa finalit\u00e0 potranno essere conservati per tutta la durata del contratto e comunque non oltre i successivi 10 anni.<\/li>\n<li><u>Finalit\u00e0 di indagini di customer satisfaction<\/u>: i dati trattati per questa finalit\u00e0 potranno essere conservati per 24 mesi dalla data in cui abbiamo ottenuto il Suo ultimo consenso per tale finalit\u00e0 (ad eccezione dell\u2019opposizione a ricevere ulteriori comunicazioni).<\/li>\n<li><u>Finalit\u00e0 di marketing anche profilato ed esecuzione di attivit\u00e0 di marketing&nbsp; e terzi:<\/u>&nbsp;i dati personali trattati per finalit\u00e0 di marketing potranno essere conservati per 24 mesi dalla data in cui abbiamo ottenuto il Suo ultimo consenso per tale finalit\u00e0 (ad eccezione dell\u2019opposizione a ricevere ulteriori comunicazioni); per la finalit\u00e0 di marketing profilato saranno, invece, conservati per 12 mesi<\/li>\n<li><u>Nel caso di controversie<\/u>: nel caso in cui sia difenderci o agire o anche avanzare pretese nei confronti Suoi o di terze parti, potremmo conservare i dati personali che riterremo ragionevolmente necessario trattare per tali fini, per il tempo in cui tale pretesa possa essere perseguita.<\/li>\n<\/ol>\n<p><strong>&nbsp;<\/strong><\/p>\n<h4>CON CHI POSSIAMO CONDIVIDERE I SUOI DATI PERSONALI<\/h4>\n<p>Ai Suoi dati personali possono avere accesso i dipendenti debitamente autorizzati, nonch\u00e9 i fornitori esterni, nominati, se necessario, responsabili del trattamento, che forniscono supporto per l\u2019erogazione dei servizi.<\/p>\n<p><strong>&nbsp;<\/strong><\/p>\n<h4>CONTATTI<\/h4>\n<p>I dati di contatto della Societ\u00e0, quale titolare del trattamento, e del responsabile della protezione dei dati personali (DPO) possono essere richiesti al seguente indirizzo e-mail:&nbsp;<a href=\"mailto:info@immagineria.net\">info@immagineria.net<\/a>.<\/p>\n<p>&nbsp;<\/p>\n<h4>I SUOI DIRITTI IN MATERIA DI PROTEZIONE DEI DATI E IL SUO DIRITTO DI AVANZARE RECLAMI DINNANZI ALL\u2019AUTORIT\u00c0 DI CONTROLLO<\/h4>\n<p>A certe condizioni Lei ha il diritto di chiedere alla Societ\u00e0:<\/p>\n<ul>\n<li>&#8211;&nbsp;l\u2019accesso ai Suoi dati personali,<\/li>\n<li>&#8211;&nbsp;la copia dei dati personali che Lei ci ha fornito (c.d. portabilit\u00e0),<\/li>\n<li>&#8211;&nbsp;la rettifica dei dati in nostro possesso,<\/li>\n<li>&#8211;&nbsp;la cancellazione di qualsiasi dato per il quale non abbiamo pi\u00f9 alcun presupposto giuridico per il trattamento,<\/li>\n<li>&#8211;&nbsp;l\u2019opposizione al trattamento ove previsto dalla normativa applicabile<\/li>\n<li>&#8211;&nbsp;la revoca del Suo consenso, nel caso in cui il trattamento sia fondato sul consenso;<\/li>\n<li>&#8211;&nbsp;la limitazione del modo in cui trattiamo i Suoi dati personali, nei limiti previsti dalla normativa a tutela dei dati personali.<\/li>\n<\/ul>\n<p>L\u2019esercizio di tali diritti soggiace ad alcune eccezioni finalizzate alla salvaguardia dell\u2019interesse pubblico (ad esempio la prevenzione o l\u2019identificazione di crimini) e di nostri interessi (ad esempio il mantenimento del segreto professionale). Nel caso in cui Lei esercitasse uno qualsiasi dei summenzionati diritti, sar\u00e0 nostro onere verificare che Lei sia legittimato ad esercitarlo e Le daremo riscontro, di regola, entro un mese.<\/p>\n<p>Per eventuali reclami o segnalazioni sulle modalit\u00e0 di trattamento dei Suoi dati faremo ogni sforzo per rispondere alle sue preoccupazioni. Tuttavia, se lo desidera, Lei potr\u00e0 inoltrare i propri reclami o le proprie segnalazioni all\u2019autorit\u00e0 responsabile della protezione dei dati, utilizzando gli estremi di contatto pertinenti: Garante per la protezione dei dati personali &#8211; Piazza di Monte Citorio n. 121 &#8211; 00186 ROMA &#8211; Fax: (+39) 06.69677.3785 &#8211; Telefono: (+39) 06.696771 -.<\/p>","protected":false},"excerpt":{"rendered":"<p>CHI SIAMO La societ\u00e0 immagineria srl. (di seguito la&nbsp;\u201cSociet\u00e0\u201d), con sede in via dell&#8217;angeletto 12, Roma, nello svolgimento della propria attivit\u00e0 pone la massima attenzione alla sicurezza e alla riservatezza dei dati personali dei propri clienti. La Societ\u00e0 \u00e8 Titolare del trattamento dei dati personali raccolti sul presente sito web. &nbsp; QUALI DATI PERSONALI CHE [&hellip;]<\/p>","protected":false},"author":1,"featured_media":0,"parent":0,"menu_order":0,"comment_status":"closed","ping_status":"closed","template":"","meta":{"saved_in_kubio":false,"footnotes":""},"class_list":["post-3184","page","type-page","status-publish","hentry"],"kubio_ai_page_context":{"short_desc":"","purpose":"general"},"_links":{"self":[{"href":"https:\/\/immagineria.net\/en\/wp-json\/wp\/v2\/pages\/3184","targetHints":{"allow":["GET"]}}],"collection":[{"href":"https:\/\/immagineria.net\/en\/wp-json\/wp\/v2\/pages"}],"about":[{"href":"https:\/\/immagineria.net\/en\/wp-json\/wp\/v2\/types\/page"}],"author":[{"embeddable":true,"href":"https:\/\/immagineria.net\/en\/wp-json\/wp\/v2\/users\/1"}],"replies":[{"embeddable":true,"href":"https:\/\/immagineria.net\/en\/wp-json\/wp\/v2\/comments?post=3184"}],"version-history":[{"count":0,"href":"https:\/\/immagineria.net\/en\/wp-json\/wp\/v2\/pages\/3184\/revisions"}],"wp:attachment":[{"href":"https:\/\/immagineria.net\/en\/wp-json\/wp\/v2\/media?parent=3184"}],"curies":[{"name":"wp","href":"https:\/\/api.w.org\/{rel}","templated":true}]}}